{"id":504,"date":"2014-11-24T13:39:03","date_gmt":"2014-11-24T11:39:03","guid":{"rendered":"http:\/\/videos.tepro-gartenwelt.de\/videos\/?page_id=504"},"modified":"2015-12-10T10:44:53","modified_gmt":"2015-12-10T08:44:53","slug":"8030-haengebord-set-fuer-gewaechshaus","status":"publish","type":"page","link":"https:\/\/videos.tepro-gartenwelt.de\/videos\/8030-haengebord-set-fuer-gewaechshaus\/","title":{"rendered":"H\u00e4ngebord-Set f\u00fcr Gew\u00e4chshaus"},"content":{"rendered":"<div style=\"width: 960px;\" class=\"wp-video\"><!--[if lt IE 9]><script>document.createElement('video');<\/script><![endif]-->\n<video class=\"wp-video-shortcode\" id=\"video-504-1\" width=\"960\" height=\"540\" autoplay preload=\"metadata\" controls=\"controls\"><source type=\"video\/mp4\" src=\"https:\/\/videos.tepro-gartenwelt.de\/wp-content\/uploads\/2014\/11\/8030_HaengeboardSet_08112014.mp4?_=1\" \/><a href=\"https:\/\/videos.tepro-gartenwelt.de\/wp-content\/uploads\/2014\/11\/8030_HaengeboardSet_08112014.mp4\">https:\/\/videos.tepro-gartenwelt.de\/wp-content\/uploads\/2014\/11\/8030_HaengeboardSet_08112014.mp4<\/a><\/video><\/div>\n","protected":false},"excerpt":{"rendered":"","protected":false},"author":4,"featured_media":0,"parent":0,"menu_order":0,"comment_status":"open","ping_status":"open","template":"","meta":{"footnotes":""},"class_list":["post-504","page","type-page","status-publish","hentry"],"_links":{"self":[{"href":"https:\/\/videos.tepro-gartenwelt.de\/videos\/wp-json\/wp\/v2\/pages\/504","targetHints":{"allow":["GET"]}}],"collection":[{"href":"https:\/\/videos.tepro-gartenwelt.de\/videos\/wp-json\/wp\/v2\/pages"}],"about":[{"href":"https:\/\/videos.tepro-gartenwelt.de\/videos\/wp-json\/wp\/v2\/types\/page"}],"author":[{"embeddable":true,"href":"https:\/\/videos.tepro-gartenwelt.de\/videos\/wp-json\/wp\/v2\/users\/4"}],"replies":[{"embeddable":true,"href":"https:\/\/videos.tepro-gartenwelt.de\/videos\/wp-json\/wp\/v2\/comments?post=504"}],"version-history":[{"count":5,"href":"https:\/\/videos.tepro-gartenwelt.de\/videos\/wp-json\/wp\/v2\/pages\/504\/revisions"}],"predecessor-version":[{"id":1561,"href":"https:\/\/videos.tepro-gartenwelt.de\/videos\/wp-json\/wp\/v2\/pages\/504\/revisions\/1561"}],"wp:attachment":[{"href":"https:\/\/videos.tepro-gartenwelt.de\/videos\/wp-json\/wp\/v2\/media?parent=504"}],"curies":[{"name":"wp","href":"https:\/\/api.w.org\/{rel}","templated":true}]}}